{"id":71,"date":"2013-03-18T19:22:24","date_gmt":"2013-03-18T19:22:24","guid":{"rendered":"http:\/\/eventos.videira.ifc.edu.br\/pedagogia\/?page_id=71"},"modified":"2013-03-18T19:22:24","modified_gmt":"2013-03-18T19:22:24","slug":"normas-para-poster","status":"publish","type":"page","link":"https:\/\/videira.ifc.edu.br\/simposio-pedagogia\/edicoes-anteriores\/2013-2o-simposio-da-pedagogia\/normas-para-poster\/","title":{"rendered":"Normas para p\u00f4ster"},"content":{"rendered":"<p><!--\nP { margin-bottom: 0.21cm; }P.western {  }\n--><\/p>\n<p align=\"JUSTIFY\"><strong>1- Prepara\u00e7\u00e3o do p\u00f4ster<\/strong><\/p>\n<p align=\"JUSTIFY\">O p\u00f4ster dever\u00e1 ser confeccionado pelos autores apenas se o resumo submetido obtiver aceite para apresenta\u00e7\u00e3o.<\/p>\n<p align=\"JUSTIFY\"><strong>2- Estrutura e conte\u00fado<\/strong><\/p>\n<ol>\n<li>\n<p align=\"JUSTIFY\">Dimens\u00f5es do p\u00f4ster:<span style=\"color: #000000\"> largura: 90cm<\/span><\/p>\n<p align=\"JUSTIFY\"><span style=\"color: #000000\"> altura: 1,20cm<\/span><\/p>\n<\/li>\n<li>\n<p align=\"JUSTIFY\"><span style=\"color: #000000\">Dever\u00e1 constar no p\u00f4ster: <\/span><\/p>\n<p align=\"JUSTIFY\"><span style=\"color: #000000\">&#8211; \u00e1rea do conhecimento <\/span><\/p>\n<p align=\"JUSTIFY\"><span style=\"color: #000000\">&#8211; t\u00edtulo id\u00eantico ao do resumo aceito <\/span><\/p>\n<p align=\"JUSTIFY\"><span style=\"color: #000000\">&#8211; nomes e institui\u00e7\u00f5es dos autores <\/span><\/p>\n<p align=\"JUSTIFY\"><span style=\"color: #000000\">&#8211; introdu\u00e7\u00e3o; metodologia; resultados\/discuss\u00f5es; conclus\u00f5es<\/span><\/p>\n<\/li>\n<li>\n<p align=\"JUSTIFY\"><span style=\"color: #000000\">O p\u00f4ster dever\u00e1 ter clareza: utilizar o m\u00ednimo de texto e o m\u00e1ximo de figuras, fotos, tabelas e recursos gr\u00e1ficos poss\u00edveis; organizar as informa\u00e7\u00f5es de modo que as id<span style=\"color: #800000\">e<\/span>ias centrais do trabalho sejam facilmente compreendidas; o texto do p\u00f4ster dever\u00e1 ser leg\u00edvel a uma dist\u00e2ncia de pelo menos dois metros.<\/span><\/p>\n<\/li>\n<li>\n<p align=\"JUSTIFY\"><strong><span style=\"color: #000000\">\u00c9 proibido na apresenta\u00e7\u00e3o do p\u00f4ster: <\/span><\/strong><\/p>\n<p align=\"JUSTIFY\"><span style=\"color: #000000\">&#8211; apresentar com retroprojetor, computador, microfone e\/ou outros equipamentos el\u00e9tricos; <\/span><\/p>\n<p align=\"JUSTIFY\"><span style=\"color: #000000\">&#8211; utilizar aparelhos e instrumentos sonoros que interfiram na comunica\u00e7\u00e3o dos autores da sess\u00e3o; <\/span><\/p>\n<p align=\"JUSTIFY\"><span style=\"color: #000000\">&#8211; apresentar o p\u00f4ster fora da data, local ou hor\u00e1rios programados; <\/span><\/p>\n<p align=\"JUSTIFY\"><span style=\"color: #000000\">&#8211; que um \u00fanico autor apresente mais de um p\u00f4ster em um \u00fanico dia do evento; <\/span><\/p>\n<p align=\"JUSTIFY\"><span style=\"color: #000000\">&#8211; apresenta\u00e7\u00e3o por terceiros: n\u00e3o autores; <\/span><\/p>\n<p align=\"JUSTIFY\"><span style=\"color: #000000\">&#8211; apresenta\u00e7\u00e3o oral ou perform\u00e1tica; <\/span><\/p>\n<p align=\"JUSTIFY\"><span style=\"color: #000000\">&#8211; sem o crach\u00e1 da inscri\u00e7\u00e3o que ser\u00e1 entregue ano ato do credenciamento.<\/span><\/p>\n<p align=\"JUSTIFY\">\n<\/li>\n<\/ol>\n<p align=\"JUSTIFY\"><strong><span style=\"color: #000000\">3- Local, data e hor\u00e1rio de apresenta\u00e7\u00e3o do p\u00f4ster<\/span><\/strong><\/p>\n<p align=\"JUSTIFY\"><span style=\"color: #000000\">Local: Hall de entrada da biblioteca do IFC-C\u00e2mpus Videira.<\/span><\/p>\n<p align=\"JUSTIFY\"><span style=\"color: #000000\">Data: 09 de maio de 2013. <\/span><\/p>\n<p align=\"JUSTIFY\"><span style=\"color: #000000\">Hor\u00e1rio: 19h \u00e0s 19h40.<\/span><\/p>\n<p align=\"JUSTIFY\"><strong><span style=\"color: #000000\">4- Certifica\u00e7\u00e3o<\/span><\/strong><\/p>\n<ol>\n<li>\n<p align=\"JUSTIFY\"><span style=\"color: #000000\">Durante a sess\u00e3o a comiss\u00e3o cient\u00edfica registrar\u00e1 as apresenta\u00e7\u00f5es. No final da <span style=\"color: #800000\">s<\/span>ess\u00e3o ser\u00e1 entregue ao autor presente no local de cada p\u00f4ster o certificado de apresenta\u00e7\u00e3o. <\/span><\/p>\n<\/li>\n<li>\n<p align=\"JUSTIFY\"><span style=\"color: #000000\"><span style=\"text-decoration: underline\">Aten\u00e7\u00e3o :<\/span> a comiss\u00e3o cient\u00edfica estar\u00e1 isenta da obrigatoriedade da entrega do certificado de apresenta\u00e7\u00e3o de p\u00f4ster se:<\/span><\/p>\n<p align=\"JUSTIFY\"><span style=\"color: #000000\">&#8211; o p\u00f4ster estiver fixado em data ou espa\u00e7o diferente da programa\u00e7\u00e3o; <\/span><\/p>\n<p align=\"JUSTIFY\"><span style=\"color: #000000\">&#8211; o p\u00f4ster estiver sozinho, sem o autor presente; <\/span><\/p>\n<p align=\"JUSTIFY\"><span style=\"color: #000000\">&#8211; o autor estiver sem o crach\u00e1; <\/span><\/p>\n<p align=\"JUSTIFY\"><span style=\"color: #000000\">&#8211; o autor estiver apresentando mais de um p\u00f4ster simultaneamente; <\/span><\/p>\n<p align=\"JUSTIFY\"><span style=\"color: #000000\">&#8211; o autor permanecer apenas parte do tempo da sess\u00e3o; <\/span><\/p>\n<p align=\"JUSTIFY\"><span style=\"color: #000000\">&#8211; nenhum dos autores que conste no resumo estiver presente. <\/span><\/p>\n<\/li>\n<\/ol>\n","protected":false},"excerpt":{"rendered":"<p>1- Prepara\u00e7\u00e3o do p\u00f4ster O p\u00f4ster dever\u00e1 ser confeccionado pelos autores apenas se o resumo submetido obtiver aceite para apresenta\u00e7\u00e3o. 2- Estrutura e conte\u00fado Dimens\u00f5es do p\u00f4ster: largura: 90cm altura: 1,20cm Dever\u00e1 constar no p\u00f4ster: &#8211; \u00e1rea do conhecimento &#8211; &hellip; <a href=\"https:\/\/videira.ifc.edu.br\/simposio-pedagogia\/edicoes-anteriores\/2013-2o-simposio-da-pedagogia\/normas-para-poster\/\">Continuar lendo <span class=\"meta-nav\">&rarr;<\/span><\/a><\/p>\n","protected":false},"author":9,"featured_media":0,"parent":188,"menu_order":0,"comment_status":"closed","ping_status":"closed","template":"sidebar-page.php","meta":{"footnotes":""},"class_list":["post-71","page","type-page","status-publish","hentry"],"_links":{"self":[{"href":"https:\/\/videira.ifc.edu.br\/simposio-pedagogia\/wp-json\/wp\/v2\/pages\/71","targetHints":{"allow":["GET"]}}],"collection":[{"href":"https:\/\/videira.ifc.edu.br\/simposio-pedagogia\/wp-json\/wp\/v2\/pages"}],"about":[{"href":"https:\/\/videira.ifc.edu.br\/simposio-pedagogia\/wp-json\/wp\/v2\/types\/page"}],"author":[{"embeddable":true,"href":"https:\/\/videira.ifc.edu.br\/simposio-pedagogia\/wp-json\/wp\/v2\/users\/9"}],"replies":[{"embeddable":true,"href":"https:\/\/videira.ifc.edu.br\/simposio-pedagogia\/wp-json\/wp\/v2\/comments?post=71"}],"version-history":[{"count":0,"href":"https:\/\/videira.ifc.edu.br\/simposio-pedagogia\/wp-json\/wp\/v2\/pages\/71\/revisions"}],"up":[{"embeddable":true,"href":"https:\/\/videira.ifc.edu.br\/simposio-pedagogia\/wp-json\/wp\/v2\/pages\/188"}],"wp:attachment":[{"href":"https:\/\/videira.ifc.edu.br\/simposio-pedagogia\/wp-json\/wp\/v2\/media?parent=71"}],"curies":[{"name":"wp","href":"https:\/\/api.w.org\/{rel}","templated":true}]}}