{"id":76,"date":"2013-03-18T19:27:04","date_gmt":"2013-03-18T19:27:04","guid":{"rendered":"http:\/\/eventos.videira.ifc.edu.br\/pedagogia\/?page_id=76"},"modified":"2013-03-18T19:27:04","modified_gmt":"2013-03-18T19:27:04","slug":"normas-para-envio-de-resumos","status":"publish","type":"page","link":"https:\/\/videira.ifc.edu.br\/simposio-pedagogia\/edicoes-anteriores\/2013-2o-simposio-da-pedagogia\/normas-para-envio-de-resumos\/","title":{"rendered":"Normas para envio de Resumos"},"content":{"rendered":"<p><!--\nP { margin-bottom: 0.21cm; }P.western {  }\n--><\/p>\n<p><strong>1- Tipos de resumos\/apresenta\u00e7\u00e3o<\/strong><\/p>\n<p>Podem ser submetidos resumos de:<\/p>\n<ol>\n<li>trabalhos cient\u00edficos de estudantes ou professores de ensino superior e\/ou pesquisadores e\/ou profissionais de educa\u00e7\u00e3o b\u00e1sica e t\u00e9cnica;<\/li>\n<li>trabalhos com experi\u00eancias ou pr\u00e1ticas de ensino-aprendizagem, de professores de educa\u00e7\u00e3o b\u00e1sica ou t\u00e9cnica.<\/li>\n<\/ol>\n<p><strong>2- Resumos que n\u00e3o ser\u00e3o aceitos<\/strong><\/p>\n<p>N\u00e3o ser\u00e3o aceitos, pela comiss\u00e3o organizadora do evento e pela comiss\u00e3o cient\u00edfica, o resumo enquadrado em quaisquer dos itens a seguir:<\/p>\n<ol>\n<li>Resumo com mais de 04 (seis) autores (contando o orientador);<\/li>\n<li>Resumo de trabalho j\u00e1 publicado;<\/li>\n<li>Simples descri\u00e7\u00e3o de projeto, inten\u00e7\u00e3o de trabalho;<\/li>\n<li>Trabalho que n\u00e3o se caracterize como pesquisa cient\u00edfica ou de professor de educa\u00e7\u00e3o b\u00e1sica ou t\u00e9cnica;<\/li>\n<li>Resumo sem rigorosa revis\u00e3o gramatical, ortogr\u00e1fica, de digita\u00e7\u00e3o, de conte\u00fado e dados da pesquisa, incluindo \u00e1rea, nomes dos autores, t\u00edtulo etc.;<\/li>\n<li>Resumo com tabelas, gr\u00e1ficos, fotos, imagens de qualquer g\u00eanero ou de f\u00f3rmulas matem\u00e1ticas e qu\u00edmicas (se necess\u00e1rio, descrever por extenso).<\/li>\n<\/ol>\n<p><strong>3- Inscri\u00e7\u00e3o do autor<\/strong><\/p>\n<ol>\n<li>O per\u00edodo de inscri\u00e7\u00e3o do resumo \u00e9 de 21 de mar\u00e7o a 15 de abril de 2013. O autor que submeter o trabalho online estar\u00e1, automaticamente, inscrito no evento. Aos demais autores que queiram participar do Simp\u00f3sio, informa-se que as inscri\u00e7\u00f5es devem ser feitas individualmente.<\/li>\n<li>Apenas um dos autores dever\u00e1 submeter o resumo para avalia\u00e7\u00e3o;<\/li>\n<li>O autor que enviar o resumo \u00e9 respons\u00e1vel legalmente por todo seu conte\u00fado (incluindo \u00e1rea, t\u00edtulo, nomes dos autores, institui\u00e7\u00f5es etc.). A comiss\u00e3o organizadora do II Simp\u00f3sio de Pedagogia \u00e9 isenta de qualquer responsabilidade sobre o conte\u00fado do p\u00f4ster que for divulgado (programa, atestado, e-mail, p\u00f4ster, site, livro eletr\u00f4nico e outros).<\/li>\n<\/ol>\n<p><strong>4- Divulga\u00e7\u00e3o dos resultados<\/strong><\/p>\n<p>Os pareceres de aceite ou recusa do resumo ser\u00e3o divulgados no dia 26 de abril de 2013.<\/p>\n<p>OBSERVA\u00c7\u00c3O: n\u00e3o caber\u00e1 altera\u00e7\u00e3o ou substitui\u00e7\u00e3o ao resumo recusado. A inscri\u00e7\u00e3o do autor n\u00e3o ser\u00e1 cancelada.<\/p>\n<p><strong>5- Programa\u00e7\u00e3o do P\u00f4ster<\/strong><\/p>\n<p>Os p\u00f4steres ser\u00e3o apresentados no dia 09 de maio de 2013, das 19h \u00e0s 19h40.<br \/>\nOs respons\u00e1veis devem estar presentes no local com pelo menos 20 minutos de anteced\u00eancia para montagem do material a ser apresentado.<br \/>\nSer\u00e1 entregue 1 (um) certificado de apresenta\u00e7\u00e3o por p\u00f4ster e o mesmo ser\u00e1 destinado apenas aos autores.<\/p>\n<p><strong>6- Normatiza\u00e7\u00e3o para os resumos<\/strong><\/p>\n<ol>\n<li>Prepare o resumo em um editor de textos, com fonte Arial, tamanho 10, antes de submet\u00ea-lo aos campos destinados ao texto no s\u00edtio eletr\u00f4nico.<\/li>\n<li>O resumo n\u00e3o deve conter: par\u00e1grafos com recuos, espa\u00e7amentos ou tabula\u00e7\u00f5es; tabelas, gr\u00e1ficos, imagens de qualquer g\u00eanero ou fotos (esses dados podem ser colocados no p\u00f4ster, se for o caso).<\/li>\n<li>Campos e limites do resumo<\/li>\n<\/ol>\n<p><strong>T\u00edtulo:<\/strong> m\u00e1ximo de 15 palavras \u2013 deve ser escrito em letras mai\u00fasculas<\/p>\n<p><strong>Autores:<\/strong><\/p>\n<ul>\n<li>no m\u00e1ximo 4 autores; deve ser incluso e contado o orientador (quando houver).<\/li>\n<li>Escrever os nomes por extenso e usando inciais mai\u00fasculas.<\/li>\n<li>N\u00e3o inverter os nomes, n\u00e3o colocar v\u00edrgula e n\u00e3o abreviar.<\/li>\n<li>N\u00e3o acrescentar titula\u00e7\u00f5es junto ao nome (ex.: mestre, orientador etc.) &#8211; se necess\u00e1rio, incluir junto ao campo da Institui\u00e7\u00e3o dos autores (a seguir).<\/li>\n<\/ul>\n<p><strong>E-mail:<\/strong> informar somente o e-mail do primeiro autor<br \/>\n<strong>Institui\u00e7\u00e3o dos autores e orientadores:<\/strong><\/p>\n<ul>\n<li>podem constar no m\u00e1ximo 4 institui\u00e7\u00f5es.<\/li>\n<li>Se necess\u00e1rio, neste campo tamb\u00e9m poder\u00e1 constar a titula\u00e7\u00e3o do autor.<\/li>\n<li>Obs: a identifica\u00e7\u00e3o do orientador \u00e9 obrigat\u00f3ria.<\/li>\n<\/ul>\n<p><strong>Corpo do texto:<\/strong><\/p>\n<ul>\n<li>devem constar no corpo do texto informa\u00e7\u00f5es referentes \u00e0: introdu\u00e7\u00e3o, metodologia, resultados\/discuss\u00f5es e considera\u00e7\u00f5es finais.<\/li>\n<li>O texto deve estar de acordo com as normas da ABNT.<\/li>\n<li>O resumo deve conter, no m\u00ednimo, 250 palavras e, no m\u00e1ximo, 300.<\/li>\n<\/ul>\n<p><strong> Palavras- chaves:<\/strong> informar 3 palavras-chaves, separadas por ponto e v\u00edrgula. <em id=\"__mceDel\"><em id=\"__mceDel\"><br \/>\n<\/em><\/em><\/p>\n","protected":false},"excerpt":{"rendered":"<p>1- Tipos de resumos\/apresenta\u00e7\u00e3o Podem ser submetidos resumos de: trabalhos cient\u00edficos de estudantes ou professores de ensino superior e\/ou pesquisadores e\/ou profissionais de educa\u00e7\u00e3o b\u00e1sica e t\u00e9cnica; trabalhos com experi\u00eancias ou pr\u00e1ticas de ensino-aprendizagem, de professores de educa\u00e7\u00e3o b\u00e1sica ou &hellip; <a href=\"https:\/\/videira.ifc.edu.br\/simposio-pedagogia\/edicoes-anteriores\/2013-2o-simposio-da-pedagogia\/normas-para-envio-de-resumos\/\">Continuar lendo <span class=\"meta-nav\">&rarr;<\/span><\/a><\/p>\n","protected":false},"author":9,"featured_media":0,"parent":188,"menu_order":0,"comment_status":"closed","ping_status":"closed","template":"sidebar-page.php","meta":{"footnotes":""},"class_list":["post-76","page","type-page","status-publish","hentry"],"_links":{"self":[{"href":"https:\/\/videira.ifc.edu.br\/simposio-pedagogia\/wp-json\/wp\/v2\/pages\/76","targetHints":{"allow":["GET"]}}],"collection":[{"href":"https:\/\/videira.ifc.edu.br\/simposio-pedagogia\/wp-json\/wp\/v2\/pages"}],"about":[{"href":"https:\/\/videira.ifc.edu.br\/simposio-pedagogia\/wp-json\/wp\/v2\/types\/page"}],"author":[{"embeddable":true,"href":"https:\/\/videira.ifc.edu.br\/simposio-pedagogia\/wp-json\/wp\/v2\/users\/9"}],"replies":[{"embeddable":true,"href":"https:\/\/videira.ifc.edu.br\/simposio-pedagogia\/wp-json\/wp\/v2\/comments?post=76"}],"version-history":[{"count":0,"href":"https:\/\/videira.ifc.edu.br\/simposio-pedagogia\/wp-json\/wp\/v2\/pages\/76\/revisions"}],"up":[{"embeddable":true,"href":"https:\/\/videira.ifc.edu.br\/simposio-pedagogia\/wp-json\/wp\/v2\/pages\/188"}],"wp:attachment":[{"href":"https:\/\/videira.ifc.edu.br\/simposio-pedagogia\/wp-json\/wp\/v2\/media?parent=76"}],"curies":[{"name":"wp","href":"https:\/\/api.w.org\/{rel}","templated":true}]}}