{"id":87,"date":"2013-03-18T19:58:21","date_gmt":"2013-03-18T19:58:21","guid":{"rendered":"http:\/\/eventos.videira.ifc.edu.br\/pedagogia\/?page_id=87"},"modified":"2013-03-18T19:58:21","modified_gmt":"2013-03-18T19:58:21","slug":"programacao","status":"publish","type":"page","link":"https:\/\/videira.ifc.edu.br\/simposio-pedagogia\/edicoes-anteriores\/2013-2o-simposio-da-pedagogia\/programacao\/","title":{"rendered":"Programa\u00e7\u00e3o"},"content":{"rendered":"<p><strong>Inscri\u00e7\u00f5es:<\/strong><\/p>\n<ol>\n<li><strong>De 21 de mar\u00e7o a 15 de abril\/2013<\/strong>: inscri\u00e7\u00f5es para participantes com apresenta\u00e7\u00e3o de p\u00f4steres<\/li>\n<li><strong>De 16 de abril a 05 de maio\/2013<\/strong>: inscri\u00e7\u00f5es para o p\u00fablico em geral<\/li>\n<\/ol>\n<p><strong>PROGRAMA\u00c7\u00c3O DO EVENTO:<\/strong><\/p>\n<p><strong>06\/05\/2013<\/strong><\/p>\n<ul>\n<li><em><strong>18h30 \u00e0s 19h30<\/strong><\/em> \u2013 Credenciamento<\/li>\n<li><em><strong>19h30<\/strong><\/em> Palestra de abertura: \u201cCurr\u00edculo escolar: interfaces com discursos e pr\u00e1ticas\u201d (Prof. Dr. Juares da Silva Thiesen \u2013 EED\/CED\/UFSC)<\/li>\n<\/ul>\n<p><strong>07\/05\/2013 e 08\/05\/2013 (19h \u00e0s 22h30) \u2013 Oficinas com os temas:<\/strong><\/p>\n<ol>\n<li><a href=\"http:\/\/eventos.videira.ifc.edu.br\/pedagogia\/?page_id=98&amp;preview=true\">Material Base Dez (Prof.a Msc. Lucilene Dal M\u00e9dico Baerle)<\/a><\/li>\n<li><a href=\"http:\/\/eventos.videira.ifc.edu.br\/pedagogia\/ensino-de-ciencias-linguagens-da-natureza\/\">Ensino de Ci\u00eancias: Linguagens da Natureza (Prof.a Msc. Sandra Maria Wirzbicki)<\/a><\/li>\n<li><a href=\"http:\/\/eventos.videira.ifc.edu.br\/pedagogia\/corpo-midias-e-escola-possibilidades-de-intervencao-pedagogica-msc-iracema-munarim-msc-rogerio-santos-pereira\/\">Corpo, m\u00eddias e escola: possibilidades de interven\u00e7\u00e3o pedag\u00f3gica (Msc. Iracema Munarim; Msc. Rog\u00e9rio Santos Pereira)<\/a><\/li>\n<li><a href=\"http:\/\/eventos.videira.ifc.edu.br\/pedagogia\/o-desenho-infantil-da-figura-humana-uma-abordagem-socio-interacionista\/\">O desenho infantil da figura humana: uma abordagem s\u00f3cio-interacionista (Prof.a Msc. Francini Carla Grzeca)<\/a><\/li>\n<li><a href=\"http:\/\/eventos.videira.ifc.edu.br\/pedagogia\/ler-e-escrever-pratica-docente-no-1-ano\/\">Ler e escrever &#8211; pr\u00e1tica docente no 1\u00b0 ano (Prof.a Esp.a Cristiane Wagner Goulart)<\/a><\/li>\n<li><a href=\"http:\/\/eventos.videira.ifc.edu.br\/pedagogia\/genero-e-sexualidade-na-sala-de-aula-experiencias-e-metodologias\/\">G\u00eanero e sexualidade na sala de aula: experi\u00eancias e metodologias (Msc. Claudio Leite Leandro)<\/a><\/li>\n<li><a href=\"Quais os desafios do of\u00edcio de educar na atualidade? A partir da psican\u00e1lise, convidamos a todos para percorrer a afirma\u00e7\u00e3o de Freud de que educar, governar e clinicar s\u00e3o tarefas de sucesso insuficiente e, quando n\u00e3o, imposs\u00edveis. Aceitando que o imposs\u00edvel n\u00e3o significa impratic\u00e1vel, como reagimos \u00e0 reflex\u00e3o de Freud de que \u00e9 im-poss\u00edvel educar? Por que as pol\u00edticas de educa\u00e7\u00e3o e sa\u00fade falham? Vozes dissonantes ser\u00e3o bem vindas para que o imposs\u00edvel em n\u00f3s se fa\u00e7a ouvir.\">Sobre o im-poss\u00edvel em n\u00f3s: educa\u00e7\u00e3o, pol\u00edticas p\u00fablicas e psican\u00e1lise na atualidade (Dr.a Rita de C\u00e1ssia Flores M\u00fcller)<\/a><\/li>\n<\/ol>\n<p><strong>09\/05\/2013 <\/strong><\/p>\n<ul>\n<li><strong><em>19h \u00e0s 19h40<\/em>:\u00a0<\/strong> Sess\u00e3o de P\u00f4steres<\/li>\n<li><strong><em>19h45 \u00e0s 22h30<\/em>:<\/strong> Mesa-redonda: Conversas de Escola\n<ol>\n<li>Conselho Tutelar e Escola: di\u00e1logos e tens\u00f5es (Msc. Ana Paola Sganderla)<\/li>\n<li>Educa\u00e7\u00e3o e diversidade etnicorracial (Msc. Rafael Cerqueira do Nascimento)<\/li>\n<li>Juventudes: medos e mitos (Msc. Donizeti Jos\u00e9 de Lima)<\/li>\n<\/ol>\n<\/li>\n<\/ul>\n<p><strong>10\/05\/2013<\/strong><\/p>\n<ul>\n<li><strong><em>19h \u00e0s 22h30:<\/em><\/strong> Palestra de Encerramento: Psicologia e Educa\u00e7\u00e3o<br \/>\n(Dr.a Tania Galli Fonseca \u2013 PPGPSI\/PPGIE\/UFRGS)<\/li>\n<\/ul>\n<p>Carga-hor\u00e1ria Total do Evento: 20 horas<br \/>\nOs certificados ser\u00e3o entregues no dia 10\/05\/2013.<\/p>\n","protected":false},"excerpt":{"rendered":"<p>Inscri\u00e7\u00f5es: De 21 de mar\u00e7o a 15 de abril\/2013: inscri\u00e7\u00f5es para participantes com apresenta\u00e7\u00e3o de p\u00f4steres De 16 de abril a 05 de maio\/2013: inscri\u00e7\u00f5es para o p\u00fablico em geral PROGRAMA\u00c7\u00c3O DO EVENTO: 06\/05\/2013 18h30 \u00e0s 19h30 \u2013 Credenciamento 19h30 &hellip; <a href=\"https:\/\/videira.ifc.edu.br\/simposio-pedagogia\/edicoes-anteriores\/2013-2o-simposio-da-pedagogia\/programacao\/\">Continuar lendo <span class=\"meta-nav\">&rarr;<\/span><\/a><\/p>\n","protected":false},"author":9,"featured_media":0,"parent":188,"menu_order":0,"comment_status":"closed","ping_status":"closed","template":"sidebar-page.php","meta":{"footnotes":""},"class_list":["post-87","page","type-page","status-publish","hentry"],"_links":{"self":[{"href":"https:\/\/videira.ifc.edu.br\/simposio-pedagogia\/wp-json\/wp\/v2\/pages\/87","targetHints":{"allow":["GET"]}}],"collection":[{"href":"https:\/\/videira.ifc.edu.br\/simposio-pedagogia\/wp-json\/wp\/v2\/pages"}],"about":[{"href":"https:\/\/videira.ifc.edu.br\/simposio-pedagogia\/wp-json\/wp\/v2\/types\/page"}],"author":[{"embeddable":true,"href":"https:\/\/videira.ifc.edu.br\/simposio-pedagogia\/wp-json\/wp\/v2\/users\/9"}],"replies":[{"embeddable":true,"href":"https:\/\/videira.ifc.edu.br\/simposio-pedagogia\/wp-json\/wp\/v2\/comments?post=87"}],"version-history":[{"count":0,"href":"https:\/\/videira.ifc.edu.br\/simposio-pedagogia\/wp-json\/wp\/v2\/pages\/87\/revisions"}],"up":[{"embeddable":true,"href":"https:\/\/videira.ifc.edu.br\/simposio-pedagogia\/wp-json\/wp\/v2\/pages\/188"}],"wp:attachment":[{"href":"https:\/\/videira.ifc.edu.br\/simposio-pedagogia\/wp-json\/wp\/v2\/media?parent=87"}],"curies":[{"name":"wp","href":"https:\/\/api.w.org\/{rel}","templated":true}]}}